{"id":11,"date":"2024-07-17T15:05:12","date_gmt":"2024-07-17T13:05:12","guid":{"rendered":"https:\/\/verry-garden.cz\/?page_id=11"},"modified":"2024-08-06T18:00:06","modified_gmt":"2024-08-06T16:00:06","slug":"o-nas","status":"publish","type":"page","link":"https:\/\/verry-garden.cz\/?page_id=11","title":{"rendered":"O n\u00e1s"},"content":{"rendered":"\n<h2 class=\"wp-block-heading\"><strong>Verry Garden \u2013 V\u00e1\u0161 spolehliv\u00fd partner pro kr\u00e1snou zahradu<\/strong><\/h2>\n\n\n\n<p>Verry Garden je rodinn\u00e1 firma s v\u00e1\u0161n\u00ed pro zahrady a dlouholet\u00fdmi zku\u0161enostmi v oblasti p\u00e9\u010de o zele\u0148. Na\u0161\u00edm c\u00edlem je poskytovat profesion\u00e1ln\u00ed a spolehliv\u00e9 slu\u017eby, kter\u00e9 zaru\u010d\u00ed, \u017ee va\u0161e zahrada bude v\u017edy vypadat dokonale.<\/p>\n\n\n\n<p>Na\u0161\u00edm posl\u00e1n\u00edm je vytv\u00e1\u0159et a udr\u017eovat kr\u00e1sn\u00e9, zdrav\u00e9 a funk\u010dn\u00ed zahrady. V\u011b\u0159\u00edme, \u017ee ka\u017ed\u00e1 zahrada si zaslou\u017e\u00ed individu\u00e1ln\u00ed p\u0159\u00edstup a pe\u010dlivou \u00fadr\u017ebu, aby mohla b\u00fdt skute\u010dn\u00fdm \u00fato\u010di\u0161t\u011bm pro v\u00e1s i va\u0161i rodinu.<\/p>\n\n\n\n<p><strong>Na\u0161e hodnoty:<\/strong><\/p>\n\n\n\n<ul class=\"wp-block-list\">\n<li><strong>Z\u00e1kaznick\u00fd servis:<\/strong>&nbsp;Va\u0161e spokojenost je pro n\u00e1s na prvn\u00edm m\u00edst\u011b. Naslouch\u00e1me va\u0161im pot\u0159eb\u00e1m a p\u0159\u00e1n\u00edm a p\u0159izp\u016fsobujeme na\u0161e slu\u017eby tak, aby vyhovovaly va\u0161im o\u010dek\u00e1v\u00e1n\u00edm.<\/li>\n<\/ul>\n\n\n\n<ul class=\"wp-block-list\">\n<li><strong>Kvalita:<\/strong>&nbsp;Pou\u017e\u00edv\u00e1me pouze modern\u00ed a kvalitn\u00ed techniku, abychom dos\u00e1hli nejlep\u0161\u00edch v\u00fdsledk\u016f.<\/li>\n<\/ul>\n\n\n\n<ul class=\"wp-block-list\">\n<li><strong>Spolehlivost:<\/strong>&nbsp;Na\u0161i z\u00e1kazn\u00edci se na n\u00e1s mohou v\u017edy spolehnout. Dodr\u017eujeme term\u00edny a poskytujeme konzistentn\u00ed kvalitu slu\u017eeb.<\/li>\n<\/ul>\n\n\n\n<ul class=\"wp-block-list\">\n<li><strong>Odbornost:<\/strong>\u00a0N\u00e1\u0161 t\u00fdm tvo\u0159\u00ed zku\u0161en\u00ed a kvalifikovan\u00ed odborn\u00edci, kte\u0159\u00ed se neust\u00e1le vzd\u011bl\u00e1vaj\u00ed a sleduj\u00ed novinky v oblasti zahradn\u00ed a jez\u00edrkov\u00e9 p\u00e9\u010de.<\/li>\n<\/ul>\n\n\n\n<ul class=\"wp-block-list\">\n<li><strong>Nejste pro n\u00e1s pokusn\u00ed kr\u00e1l\u00edc\u00ed:<\/strong> V\u0161e co u v\u00e1s provedeme anebo aplikujeme m\u00e1me ji\u017e mnohokr\u00e1t vyzkou\u0161eno. Nov\u00e9 postupy z\u00e1sadn\u011b testujeme na vlastn\u00edch zahrad\u00e1ch a jez\u00edrk\u00e1ch<\/li>\n<\/ul>\n\n\n\n<p><\/p>\n","protected":false},"excerpt":{"rendered":"<p>Verry Garden \u2013 V\u00e1\u0161 spolehliv\u00fd partner pro kr\u00e1snou zahradu Verry Garden je rodinn\u00e1 firma s v\u00e1\u0161n\u00ed pro zahrady a dlouholet\u00fdmi zku\u0161enostmi v oblasti p\u00e9\u010de o zele\u0148. Na\u0161\u00edm c\u00edlem je poskytovat profesion\u00e1ln\u00ed a spolehliv\u00e9 slu\u017eby, kter\u00e9 zaru\u010d\u00ed, \u017ee va\u0161e zahrada bude v\u017edy vypadat dokonale. Na\u0161\u00edm posl\u00e1n\u00edm je vytv\u00e1\u0159et a udr\u017eovat kr\u00e1sn\u00e9, zdrav\u00e9 a funk\u010dn\u00ed zahrady. V\u011b\u0159\u00edme, [&hellip;]<\/p>\n","protected":false},"author":1,"featured_media":0,"parent":0,"menu_order":0,"comment_status":"closed","ping_status":"closed","template":"","meta":{"footnotes":""},"class_list":["post-11","page","type-page","status-publish","hentry"],"_links":{"self":[{"href":"https:\/\/verry-garden.cz\/index.php?rest_route=\/wp\/v2\/pages\/11","targetHints":{"allow":["GET"]}}],"collection":[{"href":"https:\/\/verry-garden.cz\/index.php?rest_route=\/wp\/v2\/pages"}],"about":[{"href":"https:\/\/verry-garden.cz\/index.php?rest_route=\/wp\/v2\/types\/page"}],"author":[{"embeddable":true,"href":"https:\/\/verry-garden.cz\/index.php?rest_route=\/wp\/v2\/users\/1"}],"replies":[{"embeddable":true,"href":"https:\/\/verry-garden.cz\/index.php?rest_route=%2Fwp%2Fv2%2Fcomments&post=11"}],"version-history":[{"count":8,"href":"https:\/\/verry-garden.cz\/index.php?rest_route=\/wp\/v2\/pages\/11\/revisions"}],"predecessor-version":[{"id":96,"href":"https:\/\/verry-garden.cz\/index.php?rest_route=\/wp\/v2\/pages\/11\/revisions\/96"}],"wp:attachment":[{"href":"https:\/\/verry-garden.cz\/index.php?rest_route=%2Fwp%2Fv2%2Fmedia&parent=11"}],"curies":[{"name":"wp","href":"https:\/\/api.w.org\/{rel}","templated":true}]}}