{"id":13,"date":"2024-07-17T15:05:45","date_gmt":"2024-07-17T13:05:45","guid":{"rendered":"https:\/\/verry-garden.cz\/?page_id=13"},"modified":"2024-08-06T18:06:20","modified_gmt":"2024-08-06T16:06:20","slug":"kontakt","status":"publish","type":"page","link":"https:\/\/verry-garden.cz\/?page_id=13","title":{"rendered":"Kontakt"},"content":{"rendered":"\n<h2 class=\"wp-block-heading\">Rezervace: +420 603 507 421<\/h2>\n\n\n\n<p>Pokud m\u00e1te jak\u00e9koliv dotazy nebo si chcete rezervovat term\u00edn, nev\u00e1hejte m\u011b kontaktovat prost\u0159ednictv\u00edm e-mailu \u010di m\u011b zastihnete na uveden\u00e9m telefonn\u00edm \u010d\u00edsle.<\/p>\n\n\n\n<p><strong>Kontaktn\u00ed informace:<\/strong>&nbsp;<\/p>\n\n\n\n<p>Verry-Clean.cz<br>U Vr\u0161ku 338<br>Vysok\u00fd \u00dajezd u Berouna, 267 16<br><br>Telefon: +420 603 507 421<br>Email:\u00a0<a href=\"mailto:info@verry-clean.cz\">info@verry-clean.cz<\/a><\/p>\n\n\n\n<p><strong>Otev\u00edrac\u00ed doba:&nbsp;<\/strong>po domluv\u011b<\/p>\n\n\n\n<iframe src=\"https:\/\/www.google.com\/maps\/embed?pb=!1m18!1m12!1m3!1d2565.208187818406!2d14.202650076575773!3d49.98870617150764!2m3!1f0!2f0!3f0!3m2!1i1024!2i768!4f13.1!3m3!1m2!1s0x470bbcc0be54ed87%3A0x10026915afa87013!2sU%20Vr%C5%A1ku%20338%2C%20267%2016%20Vysok%C3%BD%20%C3%9Ajezd%20u%20Berouna!5e0!3m2!1sen!2scz!4v1721059047177!5m2!1sen!2scz\" width=\"600\" height=\"450\" style=\"border:0;display:block;\" allowfullscreen=\"\" loading=\"lazy\" referrerpolicy=\"no-referrer-when-downgrade\"><\/iframe>\n","protected":false},"excerpt":{"rendered":"<p>Rezervace: +420 603 507 421 Pokud m\u00e1te jak\u00e9koliv dotazy nebo si chcete rezervovat term\u00edn, nev\u00e1hejte m\u011b kontaktovat prost\u0159ednictv\u00edm e-mailu \u010di m\u011b zastihnete na uveden\u00e9m telefonn\u00edm \u010d\u00edsle. Kontaktn\u00ed informace:&nbsp; Verry-Clean.czU Vr\u0161ku 338Vysok\u00fd \u00dajezd u Berouna, 267 16 Telefon: +420 603 507 421Email:\u00a0info@verry-clean.cz Otev\u00edrac\u00ed doba:&nbsp;po domluv\u011b<\/p>\n","protected":false},"author":1,"featured_media":53,"parent":0,"menu_order":0,"comment_status":"closed","ping_status":"closed","template":"","meta":{"footnotes":""},"class_list":["post-13","page","type-page","status-publish","has-post-thumbnail","hentry"],"_links":{"self":[{"href":"https:\/\/verry-garden.cz\/index.php?rest_route=\/wp\/v2\/pages\/13","targetHints":{"allow":["GET"]}}],"collection":[{"href":"https:\/\/verry-garden.cz\/index.php?rest_route=\/wp\/v2\/pages"}],"about":[{"href":"https:\/\/verry-garden.cz\/index.php?rest_route=\/wp\/v2\/types\/page"}],"author":[{"embeddable":true,"href":"https:\/\/verry-garden.cz\/index.php?rest_route=\/wp\/v2\/users\/1"}],"replies":[{"embeddable":true,"href":"https:\/\/verry-garden.cz\/index.php?rest_route=%2Fwp%2Fv2%2Fcomments&post=13"}],"version-history":[{"count":5,"href":"https:\/\/verry-garden.cz\/index.php?rest_route=\/wp\/v2\/pages\/13\/revisions"}],"predecessor-version":[{"id":97,"href":"https:\/\/verry-garden.cz\/index.php?rest_route=\/wp\/v2\/pages\/13\/revisions\/97"}],"wp:featuredmedia":[{"embeddable":true,"href":"https:\/\/verry-garden.cz\/index.php?rest_route=\/wp\/v2\/media\/53"}],"wp:attachment":[{"href":"https:\/\/verry-garden.cz\/index.php?rest_route=%2Fwp%2Fv2%2Fmedia&parent=13"}],"curies":[{"name":"wp","href":"https:\/\/api.w.org\/{rel}","templated":true}]}}