{"id":61,"date":"2024-07-17T16:23:47","date_gmt":"2024-07-17T14:23:47","guid":{"rendered":"https:\/\/verry-garden.cz\/?page_id=61"},"modified":"2024-08-06T17:54:55","modified_gmt":"2024-08-06T15:54:55","slug":"sekani-a-udrzba-travniku","status":"publish","type":"page","link":"https:\/\/verry-garden.cz\/?page_id=61","title":{"rendered":"Sek\u00e1n\u00ed a \u00fadr\u017eba tr\u00e1vn\u00edku"},"content":{"rendered":"\n<p>Verry-Garden nab\u00edz\u00ed komplexn\u00ed slu\u017eby sek\u00e1n\u00ed a \u00fadr\u017eby tr\u00e1vn\u00edk\u016f ve St\u0159edo\u010desk\u00e9m kraji. S na\u0161imi profesion\u00e1ln\u00edmi slu\u017ebami bude V\u00e1\u0161 tr\u00e1vn\u00edk v\u017edy vypadat perfektn\u011b.<\/p>\n\n\n\n<p><strong>Sek\u00e1n\u00ed a \u00fadr\u017eba tr\u00e1vn\u00edku<sup>*<\/sup>:<\/strong><\/p>\n\n\n\n<ul class=\"wp-block-list\">\n<li><strong>Sek\u00e1n\u00ed:<\/strong> 3,50 K\u010d\/m<sup>2<\/sup>\n<ul class=\"wp-block-list\">\n<li><strong>Pod 100 m\u00b2<\/strong>: individu\u00e1ln\u00ed cenov\u00e1 nab\u00eddka<\/li>\n\n\n\n<li><strong>Nad 1000 m\u00b2<\/strong>: individu\u00e1ln\u00ed cenov\u00e1 nab\u00eddka<\/li>\n<\/ul>\n<\/li>\n\n\n\n<li><strong>Vy\u010des\u00e1v\u00e1n\u00ed<\/strong>: 4,00 K\u010d\/m<sup>2<\/sup><\/li>\n\n\n\n<li><strong>Vertikutace<\/strong>: 4,50 K\u010d\/m<sup>2<\/sup><\/li>\n\n\n\n<li><strong>Aerifikace (provzdu\u0161\u0148ov\u00e1n\u00ed) dut\u00fdmi anebo pln\u00fdmi hroty:<\/strong> individu\u00e1ln\u00ed cenov\u00e1 nab\u00eddka<\/li>\n<\/ul>\n\n\n\n<p><strong>Hnojen\u00ed a ochrana proti plevel\u016fm:<\/strong><\/p>\n\n\n\n<ul class=\"wp-block-list\">\n<li><strong>Aplikace p\u0159\u00edpravku<\/strong>: 3,00 K\u010d\/m<sup>2<\/sup><\/li>\n\n\n\n<li><strong>Typ a cena p\u0159\u00edpravku<\/strong>: individu\u00e1ln\u00ed posouzen\u00ed a cenov\u00e1 nab\u00eddka<\/li>\n<\/ul>\n\n\n\n<p><strong>Extra p\u0159\u00edplatky:<\/strong><\/p>\n\n\n\n<ul class=\"wp-block-list\">\n<li><strong>N\u00e1klady na dopravu<\/strong>: 15,00 K\u010d\/km<\/li>\n<\/ul>\n\n\n\n<p><em><sup>* <\/sup>Cena nezahrnuje likvidaci vznikl\u00e9ho bioodpadu<\/em><\/p>\n\n\n\n<p><\/p>\n","protected":false},"excerpt":{"rendered":"<p>Verry-Garden nab\u00edz\u00ed komplexn\u00ed slu\u017eby sek\u00e1n\u00ed a \u00fadr\u017eby tr\u00e1vn\u00edk\u016f ve St\u0159edo\u010desk\u00e9m kraji. S na\u0161imi profesion\u00e1ln\u00edmi slu\u017ebami bude V\u00e1\u0161 tr\u00e1vn\u00edk v\u017edy vypadat perfektn\u011b. Sek\u00e1n\u00ed a \u00fadr\u017eba tr\u00e1vn\u00edku*: Hnojen\u00ed a ochrana proti plevel\u016fm: Extra p\u0159\u00edplatky: * Cena nezahrnuje likvidaci vznikl\u00e9ho bioodpadu<\/p>\n","protected":false},"author":1,"featured_media":0,"parent":0,"menu_order":0,"comment_status":"closed","ping_status":"closed","template":"","meta":{"footnotes":""},"class_list":["post-61","page","type-page","status-publish","hentry"],"_links":{"self":[{"href":"https:\/\/verry-garden.cz\/index.php?rest_route=\/wp\/v2\/pages\/61","targetHints":{"allow":["GET"]}}],"collection":[{"href":"https:\/\/verry-garden.cz\/index.php?rest_route=\/wp\/v2\/pages"}],"about":[{"href":"https:\/\/verry-garden.cz\/index.php?rest_route=\/wp\/v2\/types\/page"}],"author":[{"embeddable":true,"href":"https:\/\/verry-garden.cz\/index.php?rest_route=\/wp\/v2\/users\/1"}],"replies":[{"embeddable":true,"href":"https:\/\/verry-garden.cz\/index.php?rest_route=%2Fwp%2Fv2%2Fcomments&post=61"}],"version-history":[{"count":5,"href":"https:\/\/verry-garden.cz\/index.php?rest_route=\/wp\/v2\/pages\/61\/revisions"}],"predecessor-version":[{"id":90,"href":"https:\/\/verry-garden.cz\/index.php?rest_route=\/wp\/v2\/pages\/61\/revisions\/90"}],"wp:attachment":[{"href":"https:\/\/verry-garden.cz\/index.php?rest_route=%2Fwp%2Fv2%2Fmedia&parent=61"}],"curies":[{"name":"wp","href":"https:\/\/api.w.org\/{rel}","templated":true}]}}