{"id":70,"date":"2024-07-17T16:36:25","date_gmt":"2024-07-17T14:36:25","guid":{"rendered":"https:\/\/verry-garden.cz\/?page_id=70"},"modified":"2024-08-06T18:44:36","modified_gmt":"2024-08-06T16:44:36","slug":"pujcovna-stroju","status":"publish","type":"page","link":"https:\/\/verry-garden.cz\/?page_id=70","title":{"rendered":"P\u016fj\u010dovna stroj\u016f"},"content":{"rendered":"\n<p>P\u016fj\u010dte si u n\u00e1s profesion\u00e1ln\u00ed zahradn\u00ed techniku a dos\u00e1hn\u011bte perfektn\u00edch v\u00fdsledk\u016f ve sv\u00e9 zahrad\u011b. Nab\u00edz\u00edme v\u00fdkonn\u00e9 a spolehliv\u00e9 stroje pro sek\u00e1n\u00ed tr\u00e1vn\u00edk\u016f a \u00fadr\u017ebu jez\u00edrek ve St\u0159edo\u010desk\u00e9m kraji.<\/p>\n\n\n\n<ul class=\"wp-block-list\">\n<li><strong>Zahradn\u00ed technika<\/strong><\/li>\n<\/ul>\n\n\n\n<div class=\"wp-block-columns is-layout-flex wp-container-core-columns-is-layout-28f84493 wp-block-columns-is-layout-flex\">\n<div class=\"wp-block-column is-layout-flow wp-block-column-is-layout-flow\" style=\"flex-basis:66.66%\">\n<p>Se\u010dka osiv<\/p>\n\n\n\n<p>Rozmetadlo granulovan\u00e9ho hnojiva<\/p>\n\n\n\n<p>Nivela\u010dn\u00ed br\u00e1na<\/p>\n\n\n\n<p>V\u00e1lec na travn\u00ed substr\u00e1t<\/p>\n\n\n\n<p>Z\u00e1dov\u00fd post\u0159ikova\u010d SOLO<\/p>\n\n\n\n<p>AKU fukar EGO LB7950E<\/p>\n\n\n\n<p>AKU strunov\u00fd travn\u00ed vy\u017e\u00edna\u010d EGO ST1610E-T<\/p>\n\n\n\n<p>AKU rota\u010dn\u00ed travn\u00ed seka\u010dka s pojezdem EGO LM1900<\/p>\n\n\n\n<p>AKU v\u0159etenov\u00e1 seka\u010dka Swardman Electra 45<\/p>\n\n\n\n<p>Vertikut\u00e1tor \/ Vy\u010des\u00e1va\u010d<\/p>\n\n\n\n<p>Aerifik\u00e1tor s dut\u00fdmi \/ pln\u00fdmi hroty<\/p>\n<\/div>\n\n\n\n<div class=\"wp-block-column is-layout-flow wp-block-column-is-layout-flow\" style=\"flex-basis:33.33%\">\n<p>249 K\u010d \/ den<\/p>\n\n\n\n<p>249 K\u010d \/ den<\/p>\n\n\n\n<p>249 K\u010d \/ den<\/p>\n\n\n\n<p>249 K\u010d \/ den<\/p>\n\n\n\n<p>249 K\u010d \/ den<\/p>\n\n\n\n<p>349 K\u010d \/ den<\/p>\n\n\n\n<p>399 K\u010d \/ den<\/p>\n\n\n\n<p>399 K\u010d \/ den<\/p>\n\n\n\n<p>individu\u00e1ln\u011b<\/p>\n\n\n\n<p>individu\u00e1ln\u011b<\/p>\n\n\n\n<p>individu\u00e1ln\u011b<\/p>\n<\/div>\n<\/div>\n\n\n\n<p><\/p>\n\n\n\n<ul class=\"wp-block-list\">\n<li><strong>Jez\u00edrkov\u00e1 technika<\/strong><\/li>\n<\/ul>\n\n\n\n<div class=\"wp-block-columns is-layout-flex wp-container-core-columns-is-layout-28f84493 wp-block-columns-is-layout-flex\">\n<div class=\"wp-block-column is-layout-flow wp-block-column-is-layout-flow\" style=\"flex-basis:66.66%\">\n<p>Jez\u00edrkov\u00fd vysava\u010d Oase Pondovac 5<\/p>\n\n\n\n<p>\u010cerpadlo na \u010distou vodu<\/p>\n\n\n\n<p>Kalov\u00e9 \u010derpadlo<\/p>\n\n\n\n<p>20m hadice pro kalov\u00e9 \u010derpadlo<\/p>\n<\/div>\n\n\n\n<div class=\"wp-block-column is-layout-flow wp-block-column-is-layout-flow\" style=\"flex-basis:33.33%\">\n<p>749 K\u010d \/ den<\/p>\n\n\n\n<p>499 K\u010d \/ den<\/p>\n\n\n\n<p>499 K\u010d \/ den<\/p>\n\n\n\n<p>199 K\u010d \/ den<\/p>\n<\/div>\n<\/div>\n\n\n\n<p><\/p>\n\n\n\n<p>Ve\u0161ker\u00e1 technika je p\u0159ed p\u016fj\u010den\u00edm \u0159\u00e1dn\u011b zkontrolov\u00e1na a vy\u010di\u0161t\u011bna. Travn\u00ed technika je nav\u00edc dezinfikov\u00e1na aby se zamezilo p\u0159\u00edpadn\u00fdm p\u0159enos\u016fm travn\u00edch pl\u00edsn\u00ed a nemoc\u00ed.<\/p>\n\n\n\n<p>Zap\u016fj\u010den\u00ed prob\u00edh\u00e1 osobn\u011b\u00a0na\u00a0adrese provozovny ve Vysok\u00e9m \u00dajezd\u011b u Berouna<\/p>\n","protected":false},"excerpt":{"rendered":"<p>P\u016fj\u010dte si u n\u00e1s profesion\u00e1ln\u00ed zahradn\u00ed techniku a dos\u00e1hn\u011bte perfektn\u00edch v\u00fdsledk\u016f ve sv\u00e9 zahrad\u011b. Nab\u00edz\u00edme v\u00fdkonn\u00e9 a spolehliv\u00e9 stroje pro sek\u00e1n\u00ed tr\u00e1vn\u00edk\u016f a \u00fadr\u017ebu jez\u00edrek ve St\u0159edo\u010desk\u00e9m kraji. Se\u010dka osiv Rozmetadlo granulovan\u00e9ho hnojiva Nivela\u010dn\u00ed br\u00e1na V\u00e1lec na travn\u00ed substr\u00e1t Z\u00e1dov\u00fd post\u0159ikova\u010d SOLO AKU fukar EGO LB7950E AKU strunov\u00fd travn\u00ed vy\u017e\u00edna\u010d EGO ST1610E-T AKU rota\u010dn\u00ed travn\u00ed [&hellip;]<\/p>\n","protected":false},"author":1,"featured_media":0,"parent":0,"menu_order":0,"comment_status":"closed","ping_status":"closed","template":"","meta":{"footnotes":""},"class_list":["post-70","page","type-page","status-publish","hentry"],"_links":{"self":[{"href":"https:\/\/verry-garden.cz\/index.php?rest_route=\/wp\/v2\/pages\/70","targetHints":{"allow":["GET"]}}],"collection":[{"href":"https:\/\/verry-garden.cz\/index.php?rest_route=\/wp\/v2\/pages"}],"about":[{"href":"https:\/\/verry-garden.cz\/index.php?rest_route=\/wp\/v2\/types\/page"}],"author":[{"embeddable":true,"href":"https:\/\/verry-garden.cz\/index.php?rest_route=\/wp\/v2\/users\/1"}],"replies":[{"embeddable":true,"href":"https:\/\/verry-garden.cz\/index.php?rest_route=%2Fwp%2Fv2%2Fcomments&post=70"}],"version-history":[{"count":6,"href":"https:\/\/verry-garden.cz\/index.php?rest_route=\/wp\/v2\/pages\/70\/revisions"}],"predecessor-version":[{"id":99,"href":"https:\/\/verry-garden.cz\/index.php?rest_route=\/wp\/v2\/pages\/70\/revisions\/99"}],"wp:attachment":[{"href":"https:\/\/verry-garden.cz\/index.php?rest_route=%2Fwp%2Fv2%2Fmedia&parent=70"}],"curies":[{"name":"wp","href":"https:\/\/api.w.org\/{rel}","templated":true}]}}