{"id":9,"date":"2024-07-17T15:05:01","date_gmt":"2024-07-17T13:05:01","guid":{"rendered":"https:\/\/verry-garden.cz\/?page_id=9"},"modified":"2024-07-20T10:17:06","modified_gmt":"2024-07-20T08:17:06","slug":"sluzby-a-cenik","status":"publish","type":"page","link":"https:\/\/verry-garden.cz\/?page_id=9","title":{"rendered":"Slu\u017eby a cen\u00edk"},"content":{"rendered":"\n<div class=\"wp-block-group is-layout-constrained wp-block-group-is-layout-constrained\">\n<div class=\"wp-block-cover has-parallax\"><span aria-hidden=\"true\" class=\"wp-block-cover__background has-background-dim\" style=\"background-color:#668630\"><\/span><div class=\"wp-block-cover__image-background wp-image-44 has-parallax\" style=\"background-position:50% 50%;background-image:url(https:\/\/verry-garden.cz\/wp-content\/uploads\/2024\/07\/IMG_5277-scaled.jpeg)\"><\/div><div class=\"wp-block-cover__inner-container is-layout-constrained wp-block-cover-is-layout-constrained\">\n<p class=\"has-text-align-center has-background-color has-text-color has-link-color has-aboreto-font-family has-large-font-size wp-elements-4e3fc7ab11038601a15a93f77da71c55\">Sek\u00e1n\u00ed a \u00fadr\u017eba tr\u00e1vn\u00edk\u016f<\/p>\n\n\n\n<div class=\"wp-block-buttons is-layout-flex wp-block-buttons-is-layout-flex\">\n<div class=\"wp-block-button has-custom-width wp-block-button__width-100 is-style-outline is-style-outline--1\"><a class=\"wp-block-button__link wp-element-button\" href=\"https:\/\/verry-garden.cz\/?page_id=61\">V\u00edce<\/a><\/div>\n<\/div>\n<\/div><\/div>\n\n\n\n<div class=\"wp-block-cover is-light has-parallax\" style=\"min-height:430px;aspect-ratio:unset;\"><span aria-hidden=\"true\" class=\"wp-block-cover__background has-background-dim\" style=\"background-color:#7e8e52\"><\/span><div class=\"wp-block-cover__image-background wp-image-72 has-parallax\" style=\"background-position:50% 50%;background-image:url(https:\/\/verry-garden.cz\/wp-content\/uploads\/2024\/07\/IMG_5236-1-scaled.jpeg)\"><\/div><div class=\"wp-block-cover__inner-container is-layout-constrained wp-block-cover-is-layout-constrained\">\n<p class=\"has-text-align-center has-background-color has-text-color has-link-color has-aboreto-font-family has-large-font-size wp-elements-4429e50043608481b7546efbd15fe425\">\u010ci\u0161t\u011bn\u00ed a \u00fadr\u017eba jez\u00edrka<\/p>\n\n\n\n<div class=\"wp-block-buttons is-layout-flex wp-block-buttons-is-layout-flex\">\n<div class=\"wp-block-button has-custom-width wp-block-button__width-100 is-style-outline is-style-outline--2\"><a class=\"wp-block-button__link has-background-color has-text-color has-link-color wp-element-button\" href=\"https:\/\/verry-garden.cz\/?page_id=63\">V\u00edce<\/a><\/div>\n<\/div>\n<\/div><\/div>\n\n\n\n<div class=\"wp-block-cover has-parallax\"><span aria-hidden=\"true\" class=\"wp-block-cover__background has-background-dim\" style=\"background-color:#7e8e52\"><\/span><div class=\"wp-block-cover__image-background wp-image-79 has-parallax\" style=\"background-position:50% 50%;background-image:url(https:\/\/verry-garden.cz\/wp-content\/uploads\/2024\/07\/IMG_2289-scaled-e1721230582632.jpeg)\"><\/div><div class=\"wp-block-cover__inner-container is-layout-constrained wp-block-cover-is-layout-constrained\">\n<p class=\"has-text-align-center has-background-color has-text-color has-link-color has-aboreto-font-family has-large-font-size wp-elements-768a17fee6bd520b22d1bd90ac1eeb90\">P\u016fj\u010dovna stroj\u016f<\/p>\n\n\n\n<div class=\"wp-block-buttons is-layout-flex wp-block-buttons-is-layout-flex\">\n<div class=\"wp-block-button has-custom-width wp-block-button__width-100 is-style-outline is-style-outline--3\"><a class=\"wp-block-button__link has-background-color has-text-color has-link-color wp-element-button\" href=\"https:\/\/verry-garden.cz\/?page_id=70\">V\u00edce<\/a><\/div>\n<\/div>\n<\/div><\/div>\n<\/div>\n\n\n\n<p><\/p>\n","protected":false},"excerpt":{"rendered":"","protected":false},"author":1,"featured_media":0,"parent":0,"menu_order":0,"comment_status":"closed","ping_status":"closed","template":"","meta":{"footnotes":""},"class_list":["post-9","page","type-page","status-publish","hentry"],"_links":{"self":[{"href":"https:\/\/verry-garden.cz\/index.php?rest_route=\/wp\/v2\/pages\/9","targetHints":{"allow":["GET"]}}],"collection":[{"href":"https:\/\/verry-garden.cz\/index.php?rest_route=\/wp\/v2\/pages"}],"about":[{"href":"https:\/\/verry-garden.cz\/index.php?rest_route=\/wp\/v2\/types\/page"}],"author":[{"embeddable":true,"href":"https:\/\/verry-garden.cz\/index.php?rest_route=\/wp\/v2\/users\/1"}],"replies":[{"embeddable":true,"href":"https:\/\/verry-garden.cz\/index.php?rest_route=%2Fwp%2Fv2%2Fcomments&post=9"}],"version-history":[{"count":8,"href":"https:\/\/verry-garden.cz\/index.php?rest_route=\/wp\/v2\/pages\/9\/revisions"}],"predecessor-version":[{"id":81,"href":"https:\/\/verry-garden.cz\/index.php?rest_route=\/wp\/v2\/pages\/9\/revisions\/81"}],"wp:attachment":[{"href":"https:\/\/verry-garden.cz\/index.php?rest_route=%2Fwp%2Fv2%2Fmedia&parent=9"}],"curies":[{"name":"wp","href":"https:\/\/api.w.org\/{rel}","templated":true}]}}